{"id":96,"date":"2018-01-10T23:48:10","date_gmt":"2018-01-10T22:48:10","guid":{"rendered":"https:\/\/gundel-ollmann.de\/?page_id=96"},"modified":"2024-08-28T18:11:25","modified_gmt":"2024-08-28T16:11:25","slug":"imprint","status":"publish","type":"page","link":"https:\/\/gundel-ollmann.de\/en\/contact-office-hours\/imprint\/","title":{"rendered":"Imprint"},"content":{"rendered":"<h2>Imprint<\/h2>\n<p>Dr. med. dent. Gundel Ollmann<br \/>\nPotsdamer Strasse 98 | 10785 Berlin, Germany<br \/>\nPhone +49 30 2 62 88 77<br \/>\n\u2028<a href=\"mailto:praxis@gundel-ollmann.de\">praxis@gundel-ollmann.de<\/a>\u2028<\/p>\n<h3>Responsible supervisory authorities<\/h3>\n<p>Landesamt f\u00fcr Gesundheit und Soziales Berlin<br \/>\n(Berlin State Office for Health and Social Affairs)<br \/>\nTurmstra\u00dfe 21 | 10559 Berlin <\/p>\n<p>Kassenzahn\u00e4rztliche Vereinigung Berlin<br \/>\nGeorg-Wilhelm-Stra\u00dfe 16 | 10711 Berlin<\/p>\n<h3>Professional title<\/h3>\n<p>Dentist | awarded in the Federal Republic of Germany<\/p>\n<h3>Responsible chamber<\/h3>\n<p>Zahn\u00e4rztekammer Berlin<br \/>\nStallstra\u00dfe 1 | 10585 Berlin <\/p>\n<h3>Professional regulations<\/h3>\n<ul>\n<li>Gesetz \u00fcber die Aus\u00fcbung der Zahnheilkunde (ZHG)<\/li>\n<li>Berliner Heilberufekammergesetz (BlnHKG)<\/li>\n<li>Berufsordnung der Zahn\u00e4rztekammer Berlin<\/li>\n<li>Geb\u00fchrenordnung f\u00fcr Zahn\u00e4rzte (GOZ)<\/li>\n<li>More information:<br \/>\n<a href=\"http:\/\/www.zaek-berlin.de\" rel=\"noopener noreferrer\" target=\"_blank\">www.zaek-berlin.de<\/a><\/li>\n<\/ul>\n<h3>Liability notice<\/h3>\n<p>The contents of this website have been created with the utmost care. However, we accept no liability for content and technical errors. Furthermore, despite careful control, we assume no liability for any information that is accessible via links from our website. The operators of linked pages are solely responsible for their content. If you find incorrect or presumably inadmissible representations on this or one of the linked websites, please let us know.<\/p>\n<h3>Design &#038; Programming<\/h3>\n<p><a href=\"https:\/\/sebastian-klammer.de\" target=\"_blank\" rel=\"noopener noreferrer\">Webdesign Berlin : Sebastian Klammer Grafikdesign<\/a><\/p>\n<h3>Photo Credits<\/h3>\n<p>&copy; Uwe Neumann | Marten K\u00f6rner | Harald Fuhr<\/p>\n","protected":false},"excerpt":{"rendered":"<p>Imprint Dr. med. dent. Gundel Ollmann Potsdamer Strasse 98 | 10785 Berlin, Germany Phone +49 30 2 62 88 77 \u2028praxis@gundel-ollmann.de\u2028 Responsible supervisory authorities Landesamt f\u00fcr Gesundheit und Soziales Berlin (Berlin State Office for Health and Social Affairs) Turmstra\u00dfe 21 | 10559 Berlin Kassenzahn\u00e4rztliche Vereinigung Berlin Georg-Wilhelm-Stra\u00dfe 16 | 10711 Berlin Professional title Dentist | [&hellip;]<\/p>\n","protected":false},"author":1,"featured_media":0,"parent":53,"menu_order":0,"comment_status":"closed","ping_status":"closed","template":"","meta":{"footnotes":""},"class_list":["post-96","page","type-page","status-publish","hentry"],"yoast_head":"<!-- This site is optimized with the Yoast SEO plugin v23.3 - https:\/\/yoast.com\/wordpress\/plugins\/seo\/ -->\n<title>Imprint - Dental Practice Gundel Ollmann<\/title>\n<meta name=\"robots\" content=\"index, follow, max-snippet:-1, max-image-preview:large, max-video-preview:-1\" \/>\n<link rel=\"canonical\" href=\"https:\/\/gundel-ollmann.de\/en\/contact-office-hours\/imprint\/\" \/>\n<meta property=\"og:locale\" content=\"en_US\" \/>\n<meta property=\"og:type\" content=\"article\" \/>\n<meta property=\"og:title\" content=\"Imprint - Dental Practice Gundel Ollmann\" \/>\n<meta property=\"og:description\" content=\"Imprint Dr. med. dent. Gundel Ollmann Potsdamer Strasse 98 | 10785 Berlin, Germany Phone +49 30 2 62 88 77 \u2028praxis@gundel-ollmann.de\u2028 Responsible supervisory authorities Landesamt f\u00fcr Gesundheit und Soziales Berlin (Berlin State Office for Health and Social Affairs) Turmstra\u00dfe 21 | 10559 Berlin Kassenzahn\u00e4rztliche Vereinigung Berlin Georg-Wilhelm-Stra\u00dfe 16 | 10711 Berlin Professional title Dentist | [&hellip;]\" \/>\n<meta property=\"og:url\" content=\"https:\/\/gundel-ollmann.de\/en\/contact-office-hours\/imprint\/\" \/>\n<meta property=\"og:site_name\" content=\"Dental Practice Gundel Ollmann\" \/>\n<meta property=\"article:modified_time\" content=\"2024-08-28T16:11:25+00:00\" \/>\n<meta name=\"twitter:card\" content=\"summary_large_image\" \/>\n<meta name=\"twitter:label1\" content=\"Est. reading time\" \/>\n\t<meta name=\"twitter:data1\" content=\"1 minute\" \/>\n<script type=\"application\/ld+json\" class=\"yoast-schema-graph\">{\"@context\":\"https:\/\/schema.org\",\"@graph\":[{\"@type\":\"WebPage\",\"@id\":\"https:\/\/gundel-ollmann.de\/en\/contact-office-hours\/imprint\/\",\"url\":\"https:\/\/gundel-ollmann.de\/en\/contact-office-hours\/imprint\/\",\"name\":\"Imprint - Dental Practice Gundel Ollmann\",\"isPartOf\":{\"@id\":\"https:\/\/gundel-ollmann.de\/en\/#website\"},\"datePublished\":\"2018-01-10T22:48:10+00:00\",\"dateModified\":\"2024-08-28T16:11:25+00:00\",\"breadcrumb\":{\"@id\":\"https:\/\/gundel-ollmann.de\/en\/contact-office-hours\/imprint\/#breadcrumb\"},\"inLanguage\":\"en-US\",\"potentialAction\":[{\"@type\":\"ReadAction\",\"target\":[\"https:\/\/gundel-ollmann.de\/en\/contact-office-hours\/imprint\/\"]}]},{\"@type\":\"BreadcrumbList\",\"@id\":\"https:\/\/gundel-ollmann.de\/en\/contact-office-hours\/imprint\/#breadcrumb\",\"itemListElement\":[{\"@type\":\"ListItem\",\"position\":1,\"name\":\"Startseite\",\"item\":\"https:\/\/gundel-ollmann.de\/en\/\"},{\"@type\":\"ListItem\",\"position\":2,\"name\":\"Contact + Office Hours\",\"item\":\"https:\/\/gundel-ollmann.de\/en\/contact-office-hours\/\"},{\"@type\":\"ListItem\",\"position\":3,\"name\":\"Imprint\"}]},{\"@type\":\"WebSite\",\"@id\":\"https:\/\/gundel-ollmann.de\/en\/#website\",\"url\":\"https:\/\/gundel-ollmann.de\/en\/\",\"name\":\"Dental Practice Gundel Ollmann\",\"description\":\"Dental Practice Gundel Ollmann\",\"potentialAction\":[{\"@type\":\"SearchAction\",\"target\":{\"@type\":\"EntryPoint\",\"urlTemplate\":\"https:\/\/gundel-ollmann.de\/en\/?s={search_term_string}\"},\"query-input\":\"required name=search_term_string\"}],\"inLanguage\":\"en-US\"}]}<\/script>\n<!-- \/ Yoast SEO plugin. -->","yoast_head_json":{"title":"Imprint - Dental Practice Gundel Ollmann","robots":{"index":"index","follow":"follow","max-snippet":"max-snippet:-1","max-image-preview":"max-image-preview:large","max-video-preview":"max-video-preview:-1"},"canonical":"https:\/\/gundel-ollmann.de\/en\/contact-office-hours\/imprint\/","og_locale":"en_US","og_type":"article","og_title":"Imprint - Dental Practice Gundel Ollmann","og_description":"Imprint Dr. med. dent. Gundel Ollmann Potsdamer Strasse 98 | 10785 Berlin, Germany Phone +49 30 2 62 88 77 \u2028praxis@gundel-ollmann.de\u2028 Responsible supervisory authorities Landesamt f\u00fcr Gesundheit und Soziales Berlin (Berlin State Office for Health and Social Affairs) Turmstra\u00dfe 21 | 10559 Berlin Kassenzahn\u00e4rztliche Vereinigung Berlin Georg-Wilhelm-Stra\u00dfe 16 | 10711 Berlin Professional title Dentist | [&hellip;]","og_url":"https:\/\/gundel-ollmann.de\/en\/contact-office-hours\/imprint\/","og_site_name":"Dental Practice Gundel Ollmann","article_modified_time":"2024-08-28T16:11:25+00:00","twitter_card":"summary_large_image","twitter_misc":{"Est. reading time":"1 minute"},"schema":{"@context":"https:\/\/schema.org","@graph":[{"@type":"WebPage","@id":"https:\/\/gundel-ollmann.de\/en\/contact-office-hours\/imprint\/","url":"https:\/\/gundel-ollmann.de\/en\/contact-office-hours\/imprint\/","name":"Imprint - Dental Practice Gundel Ollmann","isPartOf":{"@id":"https:\/\/gundel-ollmann.de\/en\/#website"},"datePublished":"2018-01-10T22:48:10+00:00","dateModified":"2024-08-28T16:11:25+00:00","breadcrumb":{"@id":"https:\/\/gundel-ollmann.de\/en\/contact-office-hours\/imprint\/#breadcrumb"},"inLanguage":"en-US","potentialAction":[{"@type":"ReadAction","target":["https:\/\/gundel-ollmann.de\/en\/contact-office-hours\/imprint\/"]}]},{"@type":"BreadcrumbList","@id":"https:\/\/gundel-ollmann.de\/en\/contact-office-hours\/imprint\/#breadcrumb","itemListElement":[{"@type":"ListItem","position":1,"name":"Startseite","item":"https:\/\/gundel-ollmann.de\/en\/"},{"@type":"ListItem","position":2,"name":"Contact + Office Hours","item":"https:\/\/gundel-ollmann.de\/en\/contact-office-hours\/"},{"@type":"ListItem","position":3,"name":"Imprint"}]},{"@type":"WebSite","@id":"https:\/\/gundel-ollmann.de\/en\/#website","url":"https:\/\/gundel-ollmann.de\/en\/","name":"Dental Practice Gundel Ollmann","description":"Dental Practice Gundel Ollmann","potentialAction":[{"@type":"SearchAction","target":{"@type":"EntryPoint","urlTemplate":"https:\/\/gundel-ollmann.de\/en\/?s={search_term_string}"},"query-input":"required name=search_term_string"}],"inLanguage":"en-US"}]}},"_links":{"self":[{"href":"https:\/\/gundel-ollmann.de\/en\/wp-json\/wp\/v2\/pages\/96"}],"collection":[{"href":"https:\/\/gundel-ollmann.de\/en\/wp-json\/wp\/v2\/pages"}],"about":[{"href":"https:\/\/gundel-ollmann.de\/en\/wp-json\/wp\/v2\/types\/page"}],"author":[{"embeddable":true,"href":"https:\/\/gundel-ollmann.de\/en\/wp-json\/wp\/v2\/users\/1"}],"replies":[{"embeddable":true,"href":"https:\/\/gundel-ollmann.de\/en\/wp-json\/wp\/v2\/comments?post=96"}],"version-history":[{"count":7,"href":"https:\/\/gundel-ollmann.de\/en\/wp-json\/wp\/v2\/pages\/96\/revisions"}],"predecessor-version":[{"id":1270,"href":"https:\/\/gundel-ollmann.de\/en\/wp-json\/wp\/v2\/pages\/96\/revisions\/1270"}],"up":[{"embeddable":true,"href":"https:\/\/gundel-ollmann.de\/en\/wp-json\/wp\/v2\/pages\/53"}],"wp:attachment":[{"href":"https:\/\/gundel-ollmann.de\/en\/wp-json\/wp\/v2\/media?parent=96"}],"curies":[{"name":"wp","href":"https:\/\/api.w.org\/{rel}","templated":true}]}}